{"id":13,"date":"2021-05-12T04:59:15","date_gmt":"2021-05-12T04:59:15","guid":{"rendered":"https:\/\/chezgn.fr\/?page_id=13"},"modified":"2026-01-06T21:34:33","modified_gmt":"2026-01-06T21:34:33","slug":"notre-cartes","status":"publish","type":"page","link":"https:\/\/chezgn.fr\/?page_id=13","title":{"rendered":"Notre cartes"},"content":{"rendered":"\n<div class=\"wp-block-uagb-container uagb-block-0864aa3b alignfull uagb-is-root-container\"><div class=\"uagb-container-inner-blocks-wrap\">\n<div class=\"wp-block-uagb-advanced-heading uagb-block-e78947aa\"><h1 class=\"uagb-heading-text\">NOS CARTES<\/h1><\/div>\n<\/div><\/div>\n\n\n\n<div style=\"height:117px\" aria-hidden=\"true\" class=\"wp-block-spacer\"><\/div>\n\n\n\n\n\n<div class=\"wp-block-cover alignfull\" style=\"margin-top:0;margin-bottom:0;padding-top:0;padding-bottom:0;min-height:124px;aspect-ratio:unset;\"><span aria-hidden=\"true\" class=\"wp-block-cover__background has-ast-global-color-0-background-color has-background-dim-100 has-background-dim\"><\/span><div class=\"wp-block-cover__inner-container is-layout-constrained wp-block-cover-is-layout-constrained\">\n<h2 class=\"wp-block-heading has-text-align-center has-ast-global-color-4-color has-text-color has-link-color wp-elements-54681ca8b7264fb646d4175db05c3a17\">NOS DIFF\u00c9RENTES OFFRES<\/h2>\n<\/div><\/div>\n\n\n\n<div style=\"height:15px\" aria-hidden=\"true\" class=\"wp-block-spacer\"><\/div>\n\n\n\n<div class=\"wp-block-columns alignwide is-layout-flex wp-container-core-columns-is-layout-d2da2050 wp-block-columns-is-layout-flex\" style=\"margin-bottom:0\">\n<div class=\"wp-block-column has-ast-global-color-1-background-color has-text-color has-background has-link-color wp-elements-22a8acd423d6c650bdefceed722a7f22 is-layout-flow wp-block-column-is-layout-flow\" style=\"color:#000000;padding-top:2em;padding-right:2em;padding-bottom:2em;padding-left:2em\">\n<h2 class=\"wp-block-heading has-text-align-center has-ast-global-color-5-color has-text-color has-link-color wp-elements-b477b520d08f194ecf1c8b7dd1438e12\" id=\"single\" style=\"font-size:40px\">NOS MENUS<\/h2>\n\n\n\n<p class=\"has-text-align-center has-ast-global-color-4-color has-text-color has-link-color has-normal-font-size wp-elements-171fbe662d971ce78bfdd8a4b05aa822\" style=\"line-height:1.5\">Modifi\u00e9s chaque mois uniquement avec des produits frais et de saison<\/p>\n\n\n\n<hr class=\"wp-block-separator has-text-color has-ast-global-color-4-color has-alpha-channel-opacity has-ast-global-color-4-background-color has-background is-style-wide\"\/>\n\n\n\n<ul class=\"wp-block-list has-ast-global-color-5-color has-text-color has-link-color has-normal-font-size wp-elements-2a2fc1407bf83675a1d7db69354a0173\">\n<li>La gastronomie avec des plats de saison travaill\u00e9s avec passion et avec des associations cr\u00e9atives.<\/li>\n\n\n\n<li>Une carte r\u00e9duite, des produits frais, une cuisine gourmande et locale : voil\u00e0 notre recette d&rsquo;un repas d\u00e9licat.<\/li>\n\n\n\n<li>Les midis en semaine, les menus d\u00e9couverte et d\u00e9gustation sont \u00e0 r\u00e9server<\/li>\n<\/ul>\n\n\n\n<div class=\"wp-block-buttons is-content-justification-center is-layout-flex wp-container-core-buttons-is-layout-a89b3969 wp-block-buttons-is-layout-flex\">\n<div class=\"wp-block-button has-custom-width wp-block-button__width-100\"><a class=\"wp-block-button__link has-ast-global-color-2-color has-ast-global-color-5-background-color has-text-color has-background has-link-color wp-element-button\" href=\"https:\/\/chezgn.fr\/?page_id=1456\" style=\"border-style:none;border-width:0px\">VOIR LE MENU<\/a><\/div>\n<\/div>\n<\/div>\n\n\n\n<div class=\"wp-block-column has-ast-global-color-1-background-color has-text-color has-background has-link-color wp-elements-b16c5e08653040dd2c02aa5cbcfa2f5e is-layout-flow wp-block-column-is-layout-flow\" style=\"color:#000000;padding-top:2em;padding-right:2em;padding-bottom:2em;padding-left:2em\">\n<h2 class=\"wp-block-heading has-text-align-center has-ast-global-color-4-color has-text-color has-link-color wp-elements-c5dd5b0c7cb6e872bf1a7fb8bfc087ad\" id=\"family\" style=\"font-size:40px\"><strong><strong><strong>LE BRUNCH<\/strong><\/strong><\/strong><\/h2>\n\n\n\n<p class=\"has-text-align-center has-ast-global-color-4-color has-text-color has-link-color has-normal-font-size wp-elements-f7564b2ee2b380b629cd4a0722887321\" style=\"line-height:1.5\"><strong><strong><strong><strong><strong><strong>Samedi et Dimanche d\u00e8s 10h30 et derni\u00e8re arriv\u00e9e \u00e0 12h15.            R\u00e9servation obligatoire<\/strong><\/strong><\/strong>.<\/strong><\/strong><\/strong><\/p>\n\n\n\n<hr class=\"wp-block-separator has-text-color has-ast-global-color-4-color has-alpha-channel-opacity has-ast-global-color-4-background-color has-background is-style-wide\"\/>\n\n\n\n<ul class=\"wp-block-list has-ast-global-color-5-color has-text-color has-link-color has-normal-font-size wp-elements-d86966cc904e17d77013f13d8eccef76\">\n<li>Le week-end, venez profiter d&rsquo;un brunch servi sous forme d&rsquo;une planche sal\u00e9e et sucr\u00e9e adapt\u00e9e \u00e0 toutes vos envies.<\/li>\n\n\n\n<li>De la cuisine maison pour un moment de d\u00e9tente entre amis ou en famille: voil\u00e0 notre recette d&rsquo;un brunch savoureux.<\/li>\n<\/ul>\n\n\n\n<div style=\"height:12px\" aria-hidden=\"true\" class=\"wp-block-spacer\"><\/div>\n\n\n\n<div class=\"wp-block-buttons alignfull is-horizontal is-content-justification-center is-layout-flex wp-container-core-buttons-is-layout-03627597 wp-block-buttons-is-layout-flex\">\n<div class=\"wp-block-button has-custom-width wp-block-button__width-100 is-style-fill\"><a class=\"wp-block-button__link has-white-color has-ast-global-color-5-background-color has-text-color has-background no-border-radius wp-element-button\" href=\"https:\/\/chezgn.fr\/?page_id=1461\" style=\"border-style:none;border-width:0px\">VOIR LE MENU<\/a><\/div>\n<\/div>\n<\/div>\n\n\n\n<div class=\"wp-block-column has-ast-global-color-1-background-color has-text-color has-background has-link-color wp-elements-8587c22b5a6181143894839c96d23107 is-layout-flow wp-block-column-is-layout-flow\" style=\"color:#000000;padding-top:2em;padding-right:2em;padding-bottom:2em;padding-left:2em\">\n<h2 class=\"wp-block-heading has-text-align-center has-ast-global-color-4-color has-text-color has-link-color wp-elements-de1fd20c9d50074c5fbbfe5155e290e6\" id=\"patron\" style=\"font-size:40px\"><strong><strong><strong><strong><strong><strong>EVENEMENT<\/strong><\/strong><\/strong><\/strong><\/strong><\/strong><\/h2>\n\n\n\n<p class=\"has-text-align-center has-ast-global-color-4-color has-text-color has-link-color has-normal-font-size wp-elements-734d4ce04b0f49e34a56570c06aa7c24\"><strong><strong><strong>F\u00eate des m\u00e8res, Nouvel an, Jours f\u00e9ri\u00e9s,&#8230;<\/strong><\/strong><\/strong><\/p>\n\n\n\n<hr class=\"wp-block-separator has-text-color has-ast-global-color-5-color has-alpha-channel-opacity has-ast-global-color-5-background-color has-background is-style-wide\"\/>\n\n\n\n<ul class=\"wp-block-list has-ast-global-color-5-color has-text-color has-link-color has-normal-font-size wp-elements-c34e44704cc8330e3167c42282e1cef3\">\n<li>Venez d\u00e9guster notre menu de f\u00eate pour les occasions sp\u00e9ciales<\/li>\n\n\n\n<li>Le brunch sera exceptionnellement ferm\u00e9 a ces dates.<\/li>\n<\/ul>\n\n\n\n<div style=\"height:59px\" aria-hidden=\"true\" class=\"wp-block-spacer\"><\/div>\n\n\n\n<div class=\"wp-block-buttons alignfull is-horizontal is-content-justification-center is-layout-flex wp-container-core-buttons-is-layout-03627597 wp-block-buttons-is-layout-flex\">\n<div class=\"wp-block-button has-custom-width wp-block-button__width-100\"><a class=\"wp-block-button__link has-white-color has-ast-global-color-5-background-color has-text-color has-background no-border-radius wp-element-button\" href=\"https:\/\/chezgn.fr\/?page_id=1443\" style=\"border-style:none;border-width:0px\">VOIR LE MENU<\/a><\/div>\n<\/div>\n<\/div>\n<\/div>\n\n\n\n<div style=\"height:117px\" aria-hidden=\"true\" class=\"wp-block-spacer\"><\/div>\n\n\n\n<p><\/p>\n","protected":false},"excerpt":{"rendered":"<p>NOS CARTES NOS MENUS Modifi\u00e9s chaque mois uniquement avec des produits frais et de saison LE BRUNCH Samedi et Dimanche d\u00e8s 10h30 et derni\u00e8re arriv\u00e9e \u00e0 12h15. R\u00e9servation obligatoire. EVENEMENT F\u00eate des m\u00e8res, Nouvel an, Jours f\u00e9ri\u00e9s,&#8230;<\/p>\n","protected":false},"author":1,"featured_media":0,"parent":0,"menu_order":0,"comment_status":"closed","ping_status":"closed","template":"","meta":{"_uag_custom_page_level_css":"","site-sidebar-layout":"no-sidebar","site-content-layout":"plain-container","ast-site-content-layout":"normal-width-container","site-content-style":"unboxed","site-sidebar-style":"unboxed","ast-global-header-display":"","ast-banner-title-visibility":"","ast-main-header-display":"","ast-hfb-above-header-display":"","ast-hfb-below-header-display":"","ast-hfb-mobile-header-display":"","site-post-title":"disabled","ast-breadcrumbs-content":"","ast-featured-img":"","footer-sml-layout":"","theme-transparent-header-meta":"enabled","adv-header-id-meta":"","stick-header-meta":"","header-above-stick-meta":"","header-main-stick-meta":"","header-below-stick-meta":"","astra-migrate-meta-layouts":"set","ast-page-background-enabled":"default","ast-page-background-meta":{"desktop":{"background-color":"var(--ast-global-color-4)","background-image":"","background-repeat":"repeat","background-position":"center center","background-size":"auto","background-attachment":"scroll","background-type":"","background-media":"","overlay-type":"","overlay-color":"","overlay-gradient":""},"tablet":{"background-color":"","background-image":"","background-repeat":"repeat","background-position":"center center","background-size":"auto","background-attachment":"scroll","background-type":"","background-media":"","overlay-type":"","overlay-color":"","overlay-gradient":""},"mobile":{"background-color":"","background-image":"","background-repeat":"repeat","background-position":"center center","background-size":"auto","background-attachment":"scroll","background-type":"","background-media":"","overlay-type":"","overlay-color":"","overlay-gradient":""}},"ast-content-background-meta":{"desktop":{"background-color":"var(--ast-global-color-5)","background-image":"","background-repeat":"repeat","background-position":"center center","background-size":"auto","background-attachment":"scroll","background-type":"","background-media":"","overlay-type":"","overlay-color":"","overlay-gradient":""},"tablet":{"background-color":"var(--ast-global-color-5)","background-image":"","background-repeat":"repeat","background-position":"center center","background-size":"auto","background-attachment":"scroll","background-type":"","background-media":"","overlay-type":"","overlay-color":"","overlay-gradient":""},"mobile":{"background-color":"var(--ast-global-color-5)","background-image":"","background-repeat":"repeat","background-position":"center center","background-size":"auto","background-attachment":"scroll","background-type":"","background-media":"","overlay-type":"","overlay-color":"","overlay-gradient":""}},"footnotes":""},"class_list":["post-13","page","type-page","status-publish","hentry"],"aioseo_notices":[],"uagb_featured_image_src":{"full":false,"thumbnail":false,"medium":false,"medium_large":false,"large":false,"1536x1536":false,"2048x2048":false},"uagb_author_info":{"display_name":"admin","author_link":"https:\/\/chezgn.fr\/?author=1"},"uagb_comment_info":0,"uagb_excerpt":"NOS CARTES NOS MENUS Modifi\u00e9s chaque mois uniquement avec des produits frais et de saison LE BRUNCH Samedi et Dimanche d\u00e8s 10h30 et derni\u00e8re arriv\u00e9e \u00e0 12h15. R\u00e9servation obligatoire. EVENEMENT F\u00eate des m\u00e8res, Nouvel an, Jours f\u00e9ri\u00e9s,&#8230;","_links":{"self":[{"href":"https:\/\/chezgn.fr\/index.php?rest_route=\/wp\/v2\/pages\/13","targetHints":{"allow":["GET"]}}],"collection":[{"href":"https:\/\/chezgn.fr\/index.php?rest_route=\/wp\/v2\/pages"}],"about":[{"href":"https:\/\/chezgn.fr\/index.php?rest_route=\/wp\/v2\/types\/page"}],"author":[{"embeddable":true,"href":"https:\/\/chezgn.fr\/index.php?rest_route=\/wp\/v2\/users\/1"}],"replies":[{"embeddable":true,"href":"https:\/\/chezgn.fr\/index.php?rest_route=%2Fwp%2Fv2%2Fcomments&post=13"}],"version-history":[{"count":63,"href":"https:\/\/chezgn.fr\/index.php?rest_route=\/wp\/v2\/pages\/13\/revisions"}],"predecessor-version":[{"id":2440,"href":"https:\/\/chezgn.fr\/index.php?rest_route=\/wp\/v2\/pages\/13\/revisions\/2440"}],"wp:attachment":[{"href":"https:\/\/chezgn.fr\/index.php?rest_route=%2Fwp%2Fv2%2Fmedia&parent=13"}],"curies":[{"name":"wp","href":"https:\/\/api.w.org\/{rel}","templated":true}]}}