{"id":14,"date":"2021-05-12T04:59:15","date_gmt":"2021-05-12T04:59:15","guid":{"rendered":"https:\/\/chezgn.fr\/?page_id=14"},"modified":"2026-01-06T21:44:12","modified_gmt":"2026-01-06T21:44:12","slug":"nos-services","status":"publish","type":"page","link":"https:\/\/chezgn.fr\/?page_id=14","title":{"rendered":"Nos services"},"content":{"rendered":"\n<div class=\"wp-block-uagb-container uagb-block-39335766 alignfull uagb-is-root-container\"><div class=\"uagb-container-inner-blocks-wrap\">\n<div class=\"wp-block-uagb-advanced-heading uagb-block-b1880c5f\"><h1 class=\"uagb-heading-text\">NOS OFFRES\/SERVICES <\/h1><\/div>\n<\/div><\/div>\n\n\n\n<div style=\"height:27px\" aria-hidden=\"true\" class=\"wp-block-spacer\"><\/div>\n\n\n\n\n\n<div class=\"wp-block-uagb-container uagb-block-63a7cf1d alignfull uagb-is-root-container\"><div class=\"uagb-container-inner-blocks-wrap\">\n<div class=\"wp-block-uagb-container uagb-block-ccd79f01\">\n<div class=\"wp-block-columns is-layout-flex wp-container-core-columns-is-layout-28f84493 wp-block-columns-is-layout-flex\">\n<div class=\"wp-block-column is-layout-flow wp-block-column-is-layout-flow\" style=\"flex-basis:70%\">\n<h2 class=\"wp-block-heading has-text-align-left\">Privatisation<\/h2>\n\n\n\n<p>Pour rendre vos f\u00eates de famille ou \u00e9v\u00e9nements professionnels inoubliables, Chez GN vous accueille dans un cadre convivial et chaleureux. Contactez-nous pour un devis personnalis\u00e9: contact@chezgn.fr.<\/p>\n\n\n\n<div style=\"height:5px\" aria-hidden=\"true\" class=\"wp-block-spacer\"><\/div>\n\n\n\n<div class=\"wp-block-columns is-layout-flex wp-container-core-columns-is-layout-28f84493 wp-block-columns-is-layout-flex\">\n<div class=\"wp-block-column is-layout-flow wp-block-column-is-layout-flow\" style=\"flex-basis:66.66%\">\n<h3 class=\"wp-block-heading has-text-align-right\" style=\"font-size:38px\"><\/h3>\n<\/div>\n\n\n\n<div class=\"wp-block-column is-layout-flow wp-block-column-is-layout-flow\" style=\"flex-basis:33.33%\">\n<div class=\"wp-block-buttons is-content-justification-center is-layout-flex wp-container-core-buttons-is-layout-a89b3969 wp-block-buttons-is-layout-flex\">\n<div class=\"wp-block-button is-style-outline is-style-outline--1\"><a class=\"wp-block-button__link has-ast-global-color-4-color has-ast-global-color-0-background-color has-text-color has-background has-link-color has-custom-font-size wp-element-button\" href=\"https:\/\/chezgn.fr\/#contact\" style=\"border-style:none;border-width:0px;border-radius:100px;padding-top:var(--wp--preset--spacing--40);padding-right:var(--wp--preset--spacing--70);padding-bottom:var(--wp--preset--spacing--40);padding-left:var(--wp--preset--spacing--70);font-size:21px\"><mark style=\"background-color:rgba(0, 0, 0, 0)\" class=\"has-inline-color has-ast-global-color-2-color\">SUR DEVIS<\/mark><\/a><\/div>\n<\/div>\n<\/div>\n<\/div>\n<\/div>\n\n\n\n<div class=\"wp-block-column is-layout-flow wp-block-column-is-layout-flow\" style=\"flex-basis:30%\">\n<figure class=\"wp-block-image aligncenter size-full is-resized has-custom-border\"><img loading=\"lazy\" decoding=\"async\" width=\"1000\" height=\"1000\" src=\"https:\/\/chezgn.fr\/wp-content\/uploads\/2024\/03\/Chez-gn-26.png\" alt=\"\" class=\"wp-image-1579\" style=\"border-radius:5px;aspect-ratio:0.73;object-fit:contain;width:182px;height:auto\" srcset=\"https:\/\/chezgn.fr\/wp-content\/uploads\/2024\/03\/Chez-gn-26.png 1000w, https:\/\/chezgn.fr\/wp-content\/uploads\/2024\/03\/Chez-gn-26-300x300.png 300w, https:\/\/chezgn.fr\/wp-content\/uploads\/2024\/03\/Chez-gn-26-150x150.png 150w, https:\/\/chezgn.fr\/wp-content\/uploads\/2024\/03\/Chez-gn-26-768x768.png 768w\" sizes=\"auto, (max-width: 1000px) 100vw, 1000px\" \/><\/figure>\n<\/div>\n<\/div>\n<\/div>\n<\/div><\/div>\n\n\n\n<div class=\"wp-block-cover alignfull\" style=\"min-height:332px;aspect-ratio:unset;\"><span aria-hidden=\"true\" class=\"wp-block-cover__background has-ast-global-color-0-background-color has-background-dim-100 has-background-dim\"><\/span><div class=\"wp-block-cover__inner-container is-layout-constrained wp-block-cover-is-layout-constrained\">\n<div class=\"wp-block-columns is-layout-flex wp-container-core-columns-is-layout-28f84493 wp-block-columns-is-layout-flex\">\n<div class=\"wp-block-column is-layout-flow wp-block-column-is-layout-flow\" style=\"flex-basis:33.33%\">\n<figure class=\"wp-block-image aligncenter size-full is-resized has-custom-border\"><img loading=\"lazy\" decoding=\"async\" width=\"1000\" height=\"1000\" src=\"https:\/\/chezgn.fr\/wp-content\/uploads\/2024\/03\/Chez-gn-27.png\" alt=\"\" class=\"wp-image-1580\" style=\"border-radius:5px;aspect-ratio:0.73;object-fit:contain;width:141px;height:auto\" srcset=\"https:\/\/chezgn.fr\/wp-content\/uploads\/2024\/03\/Chez-gn-27.png 1000w, https:\/\/chezgn.fr\/wp-content\/uploads\/2024\/03\/Chez-gn-27-300x300.png 300w, https:\/\/chezgn.fr\/wp-content\/uploads\/2024\/03\/Chez-gn-27-150x150.png 150w, https:\/\/chezgn.fr\/wp-content\/uploads\/2024\/03\/Chez-gn-27-768x768.png 768w\" sizes=\"auto, (max-width: 1000px) 100vw, 1000px\" \/><\/figure>\n<\/div>\n\n\n\n<div class=\"wp-block-column is-layout-flow wp-block-column-is-layout-flow\" style=\"flex-basis:66.66%\">\n<h2 class=\"wp-block-heading has-text-align-left has-ast-global-color-4-color has-text-color has-link-color wp-elements-a467f67604096efeada00eca0988b6ba\">\u00c9picerie \u00ab\u00a0GN\u00a0\u00bb<\/h2>\n\n\n\n<p>Notre \u00e9picerie propose une s\u00e9lection de produits locaux et faits maison, parfaits pour emporter un peu de Chez GN chez vous.<\/p>\n\n\n\n<div class=\"wp-block-columns is-layout-flex wp-container-core-columns-is-layout-28f84493 wp-block-columns-is-layout-flex\">\n<div class=\"wp-block-column is-layout-flow wp-block-column-is-layout-flow\" style=\"flex-basis:66.66%\">\n<h3 class=\"wp-block-heading has-text-align-right has-ast-global-color-4-color has-text-color has-link-color wp-elements-aa895a8af5a7abe8cb55ac6dcc9e4fe5\" style=\"font-size:38px\"><\/h3>\n<\/div>\n\n\n\n<div class=\"wp-block-column is-layout-flow wp-block-column-is-layout-flow\" style=\"flex-basis:33.33%\">\n<div class=\"wp-block-buttons is-content-justification-center is-layout-flex wp-container-core-buttons-is-layout-a89b3969 wp-block-buttons-is-layout-flex\">\n<div class=\"wp-block-button is-style-outline is-style-outline--2\"><a class=\"wp-block-button__link has-ast-global-color-0-color has-ast-global-color-4-background-color has-text-color has-background has-link-color has-custom-font-size wp-element-button\" href=\"https:\/\/chezgn.fr\/#contact\" style=\"border-style:none;border-width:0px;border-radius:100px;padding-top:var(--wp--preset--spacing--40);padding-right:var(--wp--preset--spacing--70);padding-bottom:var(--wp--preset--spacing--40);padding-left:var(--wp--preset--spacing--70);font-size:21px\"><mark style=\"background-color:rgba(0, 0, 0, 0)\" class=\"has-inline-color has-ast-global-color-2-color\"><mark style=\"background-color:rgba(0, 0, 0, 0)\" class=\"has-inline-color has-ast-global-color-2-color\">SUR DEVIS<\/mark><\/mark><\/a><\/div>\n<\/div>\n<\/div>\n<\/div>\n<\/div>\n<\/div>\n<\/div><\/div>\n\n\n\n<div class=\"wp-block-uagb-container uagb-block-7af6a858 alignfull uagb-is-root-container\"><div class=\"uagb-container-inner-blocks-wrap\">\n<div class=\"wp-block-uagb-container uagb-block-b8d94f05\">\n<div class=\"wp-block-columns is-layout-flex wp-container-core-columns-is-layout-28f84493 wp-block-columns-is-layout-flex\">\n<div class=\"wp-block-column is-layout-flow wp-block-column-is-layout-flow\" style=\"flex-basis:70%\">\n<h2 class=\"wp-block-heading has-text-align-left\">S\u00e9minaires<\/h2>\n\n\n\n<p>Nous pouvons vous proposer une salle de s\u00e9minaire pour 2 \u00e0 10 personnes avec tout le mat\u00e9riel adapt\u00e9 et une formule \u00e0 partir de 35\u20ac HT\/personne. Plusieurs options sont possibles sur demande par e-mail : contact@chezgn.fr<\/p>\n\n\n\n<div style=\"height:5px\" aria-hidden=\"true\" class=\"wp-block-spacer\"><\/div>\n\n\n\n<div class=\"wp-block-columns is-layout-flex wp-container-core-columns-is-layout-28f84493 wp-block-columns-is-layout-flex\">\n<div class=\"wp-block-column is-layout-flow wp-block-column-is-layout-flow\" style=\"flex-basis:66.66%\">\n<h3 class=\"wp-block-heading has-text-align-right has-ast-global-color-0-color has-text-color has-link-color wp-elements-8b8ac297fa353f3b8b3bbffeb200bdbd\" style=\"font-size:38px\"><\/h3>\n<\/div>\n\n\n\n<div class=\"wp-block-column is-layout-flow wp-block-column-is-layout-flow\" style=\"flex-basis:33.33%\">\n<div class=\"wp-block-buttons is-content-justification-center is-layout-flex wp-container-core-buttons-is-layout-a89b3969 wp-block-buttons-is-layout-flex\">\n<div class=\"wp-block-button is-style-outline is-style-outline--3\"><a class=\"wp-block-button__link has-ast-global-color-4-color has-ast-global-color-0-background-color has-text-color has-background has-link-color has-custom-font-size wp-element-button\" href=\"https:\/\/chezgn.fr\/#contact\" style=\"border-style:none;border-width:0px;border-radius:100px;padding-top:var(--wp--preset--spacing--40);padding-right:var(--wp--preset--spacing--70);padding-bottom:var(--wp--preset--spacing--40);padding-left:var(--wp--preset--spacing--70);font-size:21px\"><mark style=\"background-color:rgba(0, 0, 0, 0)\" class=\"has-inline-color has-ast-global-color-2-color\"><mark style=\"background-color:rgba(0, 0, 0, 0)\" class=\"has-inline-color has-ast-global-color-2-color\">SUR DEVIS<\/mark><\/mark><\/a><\/div>\n<\/div>\n<\/div>\n<\/div>\n<\/div>\n\n\n\n<div class=\"wp-block-column is-layout-flow wp-block-column-is-layout-flow\" style=\"flex-basis:30%\">\n<figure class=\"wp-block-image aligncenter size-full is-resized has-custom-border\"><img loading=\"lazy\" decoding=\"async\" width=\"1000\" height=\"1000\" src=\"https:\/\/chezgn.fr\/wp-content\/uploads\/2024\/03\/Chez-gn-32.png\" alt=\"\" class=\"wp-image-1653\" style=\"border-radius:5px;aspect-ratio:0.73;object-fit:contain;width:182px;height:auto\" srcset=\"https:\/\/chezgn.fr\/wp-content\/uploads\/2024\/03\/Chez-gn-32.png 1000w, https:\/\/chezgn.fr\/wp-content\/uploads\/2024\/03\/Chez-gn-32-300x300.png 300w, https:\/\/chezgn.fr\/wp-content\/uploads\/2024\/03\/Chez-gn-32-150x150.png 150w, https:\/\/chezgn.fr\/wp-content\/uploads\/2024\/03\/Chez-gn-32-768x768.png 768w\" sizes=\"auto, (max-width: 1000px) 100vw, 1000px\" \/><\/figure>\n<\/div>\n<\/div>\n<\/div>\n<\/div><\/div>\n\n\n\n<div style=\"height:100px\" aria-hidden=\"true\" class=\"wp-block-spacer\"><\/div>\n","protected":false},"excerpt":{"rendered":"<p>NOS OFFRES\/SERVICES Privatisation Pour rendre vos f\u00eates de famille ou \u00e9v\u00e9nements professionnels inoubliables, Chez GN vous accueille dans un cadre convivial et chaleureux. Contactez-nous pour un devis personnalis\u00e9: contact@chezgn.fr. S\u00e9minaires Nous pouvons vous proposer une salle de s\u00e9minaire pour 2 \u00e0 10 personnes avec tout le mat\u00e9riel adapt\u00e9 et une formule \u00e0 partir de 35\u20ac [&hellip;]<\/p>\n","protected":false},"author":1,"featured_media":0,"parent":0,"menu_order":0,"comment_status":"closed","ping_status":"closed","template":"","meta":{"_uag_custom_page_level_css":"","site-sidebar-layout":"no-sidebar","site-content-layout":"plain-container","ast-site-content-layout":"normal-width-container","site-content-style":"unboxed","site-sidebar-style":"unboxed","ast-global-header-display":"","ast-banner-title-visibility":"","ast-main-header-display":"","ast-hfb-above-header-display":"","ast-hfb-below-header-display":"","ast-hfb-mobile-header-display":"","site-post-title":"disabled","ast-breadcrumbs-content":"","ast-featured-img":"","footer-sml-layout":"","theme-transparent-header-meta":"enabled","adv-header-id-meta":"","stick-header-meta":"","header-above-stick-meta":"","header-main-stick-meta":"","header-below-stick-meta":"","astra-migrate-meta-layouts":"set","ast-page-background-enabled":"default","ast-page-background-meta":{"desktop":{"background-color":"var(--ast-global-color-4)","background-image":"","background-repeat":"repeat","background-position":"center center","background-size":"auto","background-attachment":"scroll","background-type":"","background-media":"","overlay-type":"","overlay-color":"","overlay-gradient":""},"tablet":{"background-color":"","background-image":"","background-repeat":"repeat","background-position":"center center","background-size":"auto","background-attachment":"scroll","background-type":"","background-media":"","overlay-type":"","overlay-color":"","overlay-gradient":""},"mobile":{"background-color":"","background-image":"","background-repeat":"repeat","background-position":"center center","background-size":"auto","background-attachment":"scroll","background-type":"","background-media":"","overlay-type":"","overlay-color":"","overlay-gradient":""}},"ast-content-background-meta":{"desktop":{"background-color":"var(--ast-global-color-5)","background-image":"","background-repeat":"repeat","background-position":"center center","background-size":"auto","background-attachment":"scroll","background-type":"","background-media":"","overlay-type":"","overlay-color":"","overlay-gradient":""},"tablet":{"background-color":"var(--ast-global-color-5)","background-image":"","background-repeat":"repeat","background-position":"center center","background-size":"auto","background-attachment":"scroll","background-type":"","background-media":"","overlay-type":"","overlay-color":"","overlay-gradient":""},"mobile":{"background-color":"var(--ast-global-color-5)","background-image":"","background-repeat":"repeat","background-position":"center center","background-size":"auto","background-attachment":"scroll","background-type":"","background-media":"","overlay-type":"","overlay-color":"","overlay-gradient":""}},"footnotes":""},"class_list":["post-14","page","type-page","status-publish","hentry"],"aioseo_notices":[],"uagb_featured_image_src":{"full":false,"thumbnail":false,"medium":false,"medium_large":false,"large":false,"1536x1536":false,"2048x2048":false},"uagb_author_info":{"display_name":"admin","author_link":"https:\/\/chezgn.fr\/?author=1"},"uagb_comment_info":0,"uagb_excerpt":"NOS OFFRES\/SERVICES Privatisation Pour rendre vos f\u00eates de famille ou \u00e9v\u00e9nements professionnels inoubliables, Chez GN vous accueille dans un cadre convivial et chaleureux. Contactez-nous pour un devis personnalis\u00e9: contact@chezgn.fr. S\u00e9minaires Nous pouvons vous proposer une salle de s\u00e9minaire pour 2 \u00e0 10 personnes avec tout le mat\u00e9riel adapt\u00e9 et une formule \u00e0 partir de 35\u20ac\u2026","_links":{"self":[{"href":"https:\/\/chezgn.fr\/index.php?rest_route=\/wp\/v2\/pages\/14","targetHints":{"allow":["GET"]}}],"collection":[{"href":"https:\/\/chezgn.fr\/index.php?rest_route=\/wp\/v2\/pages"}],"about":[{"href":"https:\/\/chezgn.fr\/index.php?rest_route=\/wp\/v2\/types\/page"}],"author":[{"embeddable":true,"href":"https:\/\/chezgn.fr\/index.php?rest_route=\/wp\/v2\/users\/1"}],"replies":[{"embeddable":true,"href":"https:\/\/chezgn.fr\/index.php?rest_route=%2Fwp%2Fv2%2Fcomments&post=14"}],"version-history":[{"count":107,"href":"https:\/\/chezgn.fr\/index.php?rest_route=\/wp\/v2\/pages\/14\/revisions"}],"predecessor-version":[{"id":2449,"href":"https:\/\/chezgn.fr\/index.php?rest_route=\/wp\/v2\/pages\/14\/revisions\/2449"}],"wp:attachment":[{"href":"https:\/\/chezgn.fr\/index.php?rest_route=%2Fwp%2Fv2%2Fmedia&parent=14"}],"curies":[{"name":"wp","href":"https:\/\/api.w.org\/{rel}","templated":true}]}}