{"id":1692,"date":"2024-03-20T21:02:38","date_gmt":"2024-03-20T21:02:38","guid":{"rendered":"https:\/\/chezgn.fr\/?page_id=1692"},"modified":"2024-03-23T22:16:59","modified_gmt":"2024-03-23T22:16:59","slug":"mentions-legales","status":"publish","type":"page","link":"https:\/\/chezgn.fr\/?page_id=1692","title":{"rendered":"Mentions L\u00e9gales"},"content":{"rendered":"\n<h1 class=\"wp-block-heading has-text-align-center has-x-large-font-size\" style=\"text-transform:uppercase\">Mentions L\u00e9gales<\/h1>\n\n\n\n<div style=\"height:50px\" aria-hidden=\"true\" class=\"wp-block-spacer\"><\/div>\n\n\n\n<p class=\"has-medium-font-size\">Ce site est la propri\u00e9t\u00e9 de la SARL Chez GN. Con\u00e7u dans le respect des lois et r\u00e9gulations en vigueur, il vise \u00e0 fournir des informations pr\u00e9cises et actualis\u00e9es \u00e0 ses visiteurs.<\/p>\n\n\n\n<div style=\"height:25px\" aria-hidden=\"true\" class=\"wp-block-spacer\"><\/div>\n\n\n\n<h2 class=\"wp-block-heading has-text-align-left has-large-font-size\" style=\"text-transform:uppercase\"><strong>Article 1 \u2013 Identit\u00e9 de l&rsquo;Entreprise :<\/strong><\/h2>\n\n\n\n<p class=\"has-medium-font-size\"><strong>Nom de la Soci\u00e9t\u00e9 :<\/strong> Chez GN, SARL<br><strong>Capital Social :<\/strong> 5 000,00 \u20ac<br><strong>SIREN :<\/strong> 983 751 447<br><strong>SIRET :<\/strong> 983 751 447 00019<br><strong>Num\u00e9ro de TVA :<\/strong> FR59983751447<br><strong>Inscription :<\/strong> Registre du commerce et des soci\u00e9t\u00e9s de Bordeaux sous le num\u00e9ro 983 751 447 R.C.S. Bordeaux depuis le 24\/01\/2024.<br><strong>Activit\u00e9 Principale :<\/strong> Activit\u00e9s des si\u00e8ges sociaux (70.10Z)<br><strong>Date de Cr\u00e9ation :<\/strong> 22\/01\/2024<\/p>\n\n\n\n<div style=\"height:25px\" aria-hidden=\"true\" class=\"wp-block-spacer\"><\/div>\n\n\n\n<h2 class=\"wp-block-heading has-text-align-left has-large-font-size\" style=\"text-transform:uppercase\"><strong><strong>Article 2 \u2013 \u00c9diteur du Site :<\/strong><\/strong><\/h2>\n\n\n\n<p class=\"has-medium-font-size\"><strong>Si\u00e8ge Social :<\/strong> 9 rue Francois Rude, 33160 Saint-Medard-en-Jalles, France<br><strong>Site Web :<\/strong> <a href=\"http:\/\/www.chezgn.fr\/\">www.chezgn.fr<\/a><br><strong>B\u00e9n\u00e9ficiaires Directs :<\/strong> Nelly Lawisky, 36 ans ; Gracjan Pinatel, 26 ans.<\/p>\n\n\n\n<div style=\"height:25px\" aria-hidden=\"true\" class=\"wp-block-spacer\"><\/div>\n\n\n\n<h2 class=\"wp-block-heading has-text-align-left has-large-font-size\" style=\"text-transform:uppercase\"><strong><strong><strong>Article 3 \u2013 Contact :<\/strong><\/strong><\/strong><\/h2>\n\n\n\n<p class=\"has-medium-font-size\"><strong>Email :<\/strong> <a>contact@chezgn.fr<\/a><br><strong>T\u00e9l\u00e9phone :<\/strong> 07 45 22 25 71<\/p>\n\n\n\n<div style=\"height:25px\" aria-hidden=\"true\" class=\"wp-block-spacer\"><\/div>\n\n\n\n<h2 class=\"wp-block-heading has-text-align-left has-large-font-size\" style=\"text-transform:uppercase\"><strong><strong><strong><strong>Article 4 \u2013 H\u00e9bergeur du Site :<\/strong><\/strong><\/strong><\/strong><\/h2>\n\n\n\n<p class=\"has-medium-font-size\"><strong>Nom :<\/strong> \u00c0 compl\u00e9ter par l&rsquo;utilisateur<br><strong>Site Web :<\/strong> \u00c0 compl\u00e9ter par l&rsquo;utilisateur<br><strong>Localisation :<\/strong> \u00c0 compl\u00e9ter par l&rsquo;utilisateur<\/p>\n\n\n\n<div style=\"height:25px\" aria-hidden=\"true\" class=\"wp-block-spacer\"><\/div>\n\n\n\n<h2 class=\"wp-block-heading has-text-align-left has-large-font-size\" style=\"text-transform:uppercase\"><strong><strong><strong><strong>Article 5 \u2013 <\/strong><\/strong><\/strong>Protection des Donn\u00e9es Personnelles :<\/strong><\/h2>\n\n\n\n<p class=\"has-medium-font-size\">Les informations recueillies sur ce site sont destin\u00e9es exclusivement \u00e0 Chez GN. Conform\u00e9ment \u00e0 la loi \u201cinformatique et libert\u00e9s\u201d du 6 janvier 1978 modifi\u00e9e, vous b\u00e9n\u00e9ficiez d\u2019un droit d\u2019acc\u00e8s, de rectification, et d&rsquo;opposition aux informations qui vous concernent, que vous pouvez exercer en nous contactant \u00e0 l&rsquo;adresse mentionn\u00e9e dans cet article.<\/p>\n\n\n\n<div style=\"height:25px\" aria-hidden=\"true\" class=\"wp-block-spacer\"><\/div>\n\n\n\n<div style=\"height:25px\" aria-hidden=\"true\" class=\"wp-block-spacer\"><\/div>\n\n\n\n<div style=\"height:25px\" aria-hidden=\"true\" class=\"wp-block-spacer\"><\/div>\n\n\n\n<p class=\"has-medium-font-size\">*Conform\u00e9ment aux dispositions du Code de la consommation concernant le processus de m\u00e9diation des litiges de consommation, les clients de Chez GN ont le droit de recourir gratuitement au service de m\u00e9diation propos\u00e9 par Chez GN.<\/p>\n","protected":false},"excerpt":{"rendered":"<p>Mentions L\u00e9gales Ce site est la propri\u00e9t\u00e9 de la SARL Chez GN. Con\u00e7u dans le respect des lois et r\u00e9gulations en vigueur, il vise \u00e0 fournir des informations pr\u00e9cises et actualis\u00e9es \u00e0 ses visiteurs. Article 1 \u2013 Identit\u00e9 de l&rsquo;Entreprise : Nom de la Soci\u00e9t\u00e9 : Chez GN, SARLCapital Social : 5 000,00 \u20acSIREN : [&hellip;]<\/p>\n","protected":false},"author":1,"featured_media":0,"parent":0,"menu_order":0,"comment_status":"closed","ping_status":"closed","template":"","meta":{"_uag_custom_page_level_css":"","site-sidebar-layout":"default","site-content-layout":"","ast-site-content-layout":"default","site-content-style":"default","site-sidebar-style":"default","ast-global-header-display":"","ast-banner-title-visibility":"","ast-main-header-display":"","ast-hfb-above-header-display":"","ast-hfb-below-header-display":"","ast-hfb-mobile-header-display":"","site-post-title":"disabled","ast-breadcrumbs-content":"","ast-featured-img":"","footer-sml-layout":"","theme-transparent-header-meta":"","adv-header-id-meta":"","stick-header-meta":"","header-above-stick-meta":"","header-main-stick-meta":"","header-below-stick-meta":"","astra-migrate-meta-layouts":"set","ast-page-background-enabled":"default","ast-page-background-meta":{"desktop":{"background-color":"var(--ast-global-color-4)","background-image":"","background-repeat":"repeat","background-position":"center center","background-size":"auto","background-attachment":"scroll","background-type":"","background-media":"","overlay-type":"","overlay-color":"","overlay-gradient":""},"tablet":{"background-color":"","background-image":"","background-repeat":"repeat","background-position":"center center","background-size":"auto","background-attachment":"scroll","background-type":"","background-media":"","overlay-type":"","overlay-color":"","overlay-gradient":""},"mobile":{"background-color":"","background-image":"","background-repeat":"repeat","background-position":"center center","background-size":"auto","background-attachment":"scroll","background-type":"","background-media":"","overlay-type":"","overlay-color":"","overlay-gradient":""}},"ast-content-background-meta":{"desktop":{"background-color":"var(--ast-global-color-5)","background-image":"","background-repeat":"repeat","background-position":"center center","background-size":"auto","background-attachment":"scroll","background-type":"","background-media":"","overlay-type":"","overlay-color":"","overlay-gradient":""},"tablet":{"background-color":"var(--ast-global-color-5)","background-image":"","background-repeat":"repeat","background-position":"center center","background-size":"auto","background-attachment":"scroll","background-type":"","background-media":"","overlay-type":"","overlay-color":"","overlay-gradient":""},"mobile":{"background-color":"var(--ast-global-color-5)","background-image":"","background-repeat":"repeat","background-position":"center center","background-size":"auto","background-attachment":"scroll","background-type":"","background-media":"","overlay-type":"","overlay-color":"","overlay-gradient":""}},"footnotes":""},"class_list":["post-1692","page","type-page","status-publish","hentry"],"aioseo_notices":[],"uagb_featured_image_src":{"full":false,"thumbnail":false,"medium":false,"medium_large":false,"large":false,"1536x1536":false,"2048x2048":false},"uagb_author_info":{"display_name":"admin","author_link":"https:\/\/chezgn.fr\/?author=1"},"uagb_comment_info":0,"uagb_excerpt":"Mentions L\u00e9gales Ce site est la propri\u00e9t\u00e9 de la SARL Chez GN. Con\u00e7u dans le respect des lois et r\u00e9gulations en vigueur, il vise \u00e0 fournir des informations pr\u00e9cises et actualis\u00e9es \u00e0 ses visiteurs. Article 1 \u2013 Identit\u00e9 de l&rsquo;Entreprise : Nom de la Soci\u00e9t\u00e9 : Chez GN, SARLCapital Social : 5 000,00 \u20acSIREN :\u2026","_links":{"self":[{"href":"https:\/\/chezgn.fr\/index.php?rest_route=\/wp\/v2\/pages\/1692","targetHints":{"allow":["GET"]}}],"collection":[{"href":"https:\/\/chezgn.fr\/index.php?rest_route=\/wp\/v2\/pages"}],"about":[{"href":"https:\/\/chezgn.fr\/index.php?rest_route=\/wp\/v2\/types\/page"}],"author":[{"embeddable":true,"href":"https:\/\/chezgn.fr\/index.php?rest_route=\/wp\/v2\/users\/1"}],"replies":[{"embeddable":true,"href":"https:\/\/chezgn.fr\/index.php?rest_route=%2Fwp%2Fv2%2Fcomments&post=1692"}],"version-history":[{"count":3,"href":"https:\/\/chezgn.fr\/index.php?rest_route=\/wp\/v2\/pages\/1692\/revisions"}],"predecessor-version":[{"id":1696,"href":"https:\/\/chezgn.fr\/index.php?rest_route=\/wp\/v2\/pages\/1692\/revisions\/1696"}],"wp:attachment":[{"href":"https:\/\/chezgn.fr\/index.php?rest_route=%2Fwp%2Fv2%2Fmedia&parent=1692"}],"curies":[{"name":"wp","href":"https:\/\/api.w.org\/{rel}","templated":true}]}}